{"id":3098,"date":"2018-05-29T08:57:52","date_gmt":"2018-05-29T06:57:52","guid":{"rendered":"http:\/\/www.saint-paul-angouleme.fr\/application\/?page_id=3098"},"modified":"2018-05-29T08:57:52","modified_gmt":"2018-05-29T06:57:52","slug":"politique-de-confidentialite","status":"publish","type":"page","link":"https:\/\/www.saint-paul-angouleme.fr\/application\/politique-de-confidentialite\/","title":{"rendered":"Politique de Confidentialit\u00e9"},"content":{"rendered":"<h1 id=\"ppHeader\" style=\"text-align: center;\"><strong><span style=\"color: #df974b;\">Saint Paul Angouleme<br \/>\nPolitique de Confidentialit\u00e9<\/span><\/strong><\/h1>\n<div id=\"ppBody\">\n<div style=\"text-align: justify;\">This privacy policy has been compiled to better serve those who are concerned with how their &#8216;Personally Identifiable Information&#8217; (PII) is being used online. PII, as described in US privacy law and information security, is information that can be used on its own or with other information to identify, contact, or locate a single person, or to identify an individual in context. Please read our privacy policy carefully to get a clear understanding of how we collect, use, protect or otherwise handle your Personally Identifiable Information in accordance with our website.<\/div>\n<\/div>\n<div><\/div>\n<div><\/div>\n<div id=\"ppBody\">\n<div style=\"text-align: justify;\"><strong>What personal information do we collect from the people that visit our blog, website or app?<\/strong><\/div>\n<div class=\"innerText\" style=\"text-align: justify;\">We do not collect information from visitors of our site or other details to help you with your experience.<\/div>\n<\/div>\n<div><\/div>\n<div><\/div>\n<div style=\"text-align: justify;\"><strong>When do we collect information?<\/strong><\/div>\n<div class=\"innerText\" style=\"text-align: justify;\">We collect information when you visit website (cookies).<\/div>\n<div><\/div>\n<div><\/div>\n<div class=\"grayText\" style=\"text-align: justify;\"><strong>How do we use your information?<\/strong><\/div>\n<div class=\"innerText\" style=\"text-align: justify;\">To personalize your experience and to allow us to deliver the type of content and product offerings in which you are most interested.<\/div>\n<div><\/div>\n<div><\/div>\n<div class=\"innerText\" style=\"text-align: justify;\"><strong>How do we protect your information?<\/strong><\/div>\n<div class=\"innerText\" style=\"text-align: justify;\">Our website is scanned on a regular basis for security holes and known vulnerabilities in order to make your visit to our site as safe as possible.<\/div>\n<div><\/div>\n<div class=\"innerText\" style=\"text-align: justify;\">We do not use an SSL certificate\u00a0because there isn&#8217;t transaction.<\/div>\n<div><\/div>\n<div><\/div>\n<div class=\"innerText\" style=\"text-align: justify;\"><strong>Do we use &#8216;cookies&#8217;?<\/strong><\/div>\n<div class=\"innerText\" style=\"text-align: justify;\">We do not use cookies for tracking purposes<\/div>\n<div class=\"innerText\" style=\"text-align: justify;\">You can choose to have your computer warn you each time a cookie is being sent, or you can choose to turn off all cookies. You do this through your browser settings. Since browser is a little different, look at your browser&#8217;s Help Menu to learn the correct way to modify your cookies.<\/div>\n<div style=\"text-align: justify;\"><\/div>\n<div class=\"innerText\" style=\"text-align: justify;\">If you turn cookies off, Some of the features that make your site experience more efficient may not function properly.that make your site experience more efficient and may not function properly.<\/div>\n<div><\/div>\n<div><\/div>\n<div class=\"innerText\" style=\"text-align: justify;\"><strong>Third-party disclosure<\/strong><\/div>\n<div class=\"innerText\" style=\"text-align: justify;\">We do not sell, trade, or otherwise transfer to outside parties your Personally Identifiable Information.<\/div>\n<div><\/div>\n<div><\/div>\n<div class=\"innerText\" style=\"text-align: justify;\"><strong>Third-party links<\/strong><\/div>\n<div class=\"innerText\" style=\"text-align: justify;\">Occasionally, at our discretion, we may include or offer third-party products or services on our website. These third-party sites have separate and independent privacy policies. We therefore have no responsibility or liability for the content and activities of these linked sites. Nonetheless, we seek to protect the integrity of our site and welcome any feedback about these sites.<\/div>\n<div><\/div>\n<div><\/div>\n<div class=\"innerText\" style=\"text-align: justify;\"><strong>Google<\/strong><\/div>\n<div class=\"innerText\" style=\"text-align: justify;\">\n<p>Google&#8217;s advertising requirements can be summed up by Google&#8217;s Advertising Principles. They are put in place to provide a positive experience for users. https:\/\/support.google.com\/adwordspolicy\/answer\/1316548?hl=en<\/p>\n<\/div>\n<div class=\"innerText\" style=\"text-align: justify;\">We use Google AdSense Advertising on our website and Google Ad Mob for the application..<\/div>\n<div class=\"innerText\" style=\"text-align: justify;\">Google, as a third-party vendor, uses cookies to serve ads on our site. Google&#8217;s use of the DART cookie enables it to serve ads to our users based on previous visits to our site and other sites on the Internet. Users may opt-out of the use of the DART cookie by visiting the Google Ad and Content Network privacy policy.<\/div>\n<div><\/div>\n<div><\/div>\n<div class=\"innerText\" style=\"text-align: justify;\"><strong>We have implemented the following:<\/strong><\/div>\n<div class=\"innerText\" style=\"text-align: justify;\">Google Display Network Impression Reporting.<\/div>\n<div class=\"innerText\" style=\"text-align: justify;\">We, along with third-party vendors such as Google use first-party cookies (such as the Google Analytics cookies) and third-party cookies (such as the DoubleClick cookie) or other third-party identifiers together to compile data regarding user interactions with ad impressions and other ad service functions as they relate to our website.<\/div>\n<div><\/div>\n<div><\/div>\n<div class=\"innerText\" style=\"text-align: justify;\"><strong>Opting out:<\/strong><br \/>\nUsers can set preferences for how Google advertises to you using the Google Ad Settings page. Alternatively, you can opt out by visiting the Network Advertising Initiative Opt Out page or by using the Google Analytics Opt Out Browser add on.<\/div>\n<div><\/div>\n<div><\/div>\n<div class=\"innerText\" style=\"text-align: justify;\"><strong>California Online Privacy Protection Act<\/strong><\/div>\n<div class=\"innerText\" style=\"text-align: justify;\">CalOPPA is the first state law in the nation to require commercial websites and online services to post a privacy policy. The law&#8217;s reach stretches well beyond California to require any person or company in the United States (and conceivably the world) that operates websites collecting Personally Identifiable Information from California consumers to post a conspicuous privacy policy on its website stating exactly the information being collected and those individuals or companies with whom it is being shared. &#8211; See more at: http:\/\/consumercal.org\/california-online-privacy-protection-act-caloppa\/#sthash.0FdRbT51.dpuf<\/div>\n<div><\/div>\n<div><\/div>\n<div class=\"innerText\" style=\"text-align: justify;\"><strong>According to CalOPPA, we agree to the following:<\/strong><\/div>\n<div class=\"innerText\" style=\"text-align: justify;\">Users can visit our site anonymously.<\/div>\n<div class=\"innerText\" style=\"text-align: justify;\">Once this privacy policy is created, we will add a link to it on our home page or as a minimum, on the first significant page after entering our website.<\/div>\n<div class=\"innerText\" style=\"text-align: justify;\">Our Privacy Policy link includes the word &#8216;Privacy&#8217; and can easily be found on the page specified above.<\/div>\n<div class=\"innerText\" style=\"text-align: justify;\">You will be notified of any Privacy Policy changes:<\/div>\n<div class=\"innerText\" style=\"text-align: justify;\">\u00a0\u00a0<strong>\u2022<\/strong>\u00a0On our Privacy Policy Page<\/div>\n<div class=\"innerText\" style=\"text-align: justify;\">Can change your personal information:<\/div>\n<div class=\"innerText\" style=\"text-align: justify;\">\u00a0\u00a0<strong>\u2022<\/strong>\u00a0By emailing us<\/div>\n<div><\/div>\n<div class=\"innerText\" style=\"text-align: justify;\"><\/div>\n<div class=\"innerText\" style=\"text-align: justify;\"><strong>How does our site handle Do Not Track signals?<\/strong><\/div>\n<div class=\"innerText\" style=\"text-align: justify;\">We honor Do Not Track signals and Do Not Track, plant cookies, or use advertising when a Do Not Track (DNT) browser mechanism is in place.<\/div>\n<div><\/div>\n<div><\/div>\n<div class=\"innerText\" style=\"text-align: justify;\"><strong>Does our site allow third-party behavioral tracking?<\/strong><\/div>\n<div class=\"innerText\" style=\"text-align: justify;\">It&#8217;s also important to note that we do not allow third-party behavioral tracking<\/div>\n<div><\/div>\n<div><\/div>\n<div class=\"innerText\" style=\"text-align: justify;\"><strong>COPPA (Children Online Privacy Protection Act)<\/strong><\/div>\n<div class=\"innerText\" style=\"text-align: justify;\">\n<p>When it comes to the collection of personal information from children under the age of 13 years old, the Children&#8217;s Online Privacy Protection Act (COPPA) puts parents in control. The Federal Trade Commission, United States&#8217; consumer protection agency, enforces the COPPA Rule, which spells out what operators of websites and online services must do to protect children&#8217;s privacy and safety online.<\/p>\n<\/div>\n<div class=\"innerText\" style=\"text-align: justify;\">We do not specifically market to children under the age of 13 years old.<\/div>\n<div class=\"innerText\" style=\"text-align: justify;\">Do we let third-parties, including ad networks or plug-ins collect PII from children under 13?<\/div>\n<div><\/div>\n<div><\/div>\n<div class=\"innerText\" style=\"text-align: justify;\"><strong>Fair Information Practices<\/strong><\/div>\n<div class=\"innerText\" style=\"text-align: justify;\">\n<p>The Fair Information Practices Principles form the backbone of privacy law in the United States and the concepts they include have played a significant role in the development of data protection laws around the globe. Understanding the Fair Information Practice Principles and how they should be implemented is critical to comply with the various privacy laws that protect personal information.<\/p>\n<p><strong style=\"font-size: 1rem;\">In order to be in line with Fair Information Practices we will take the following responsive action, should a data breach occur:<\/strong><\/p>\n<p><span style=\"font-size: 1rem;\">We will notify you via email within 7 business days<\/span><\/p>\n<\/div>\n<div class=\"innerText\" style=\"text-align: justify;\">We also agree to the Individual Redress Principle which requires that individuals have the right to legally pursue enforceable rights against data collectors and processors who fail to adhere to the law. This principle requires not only that individuals have enforceable rights against data users, but also that individuals have recourse to courts or government agencies to investigate and\/or prosecute non-compliance by data processors.<\/div>\n<div><\/div>\n<div><\/div>\n<div class=\"innerText\" style=\"text-align: justify;\"><strong>CAN SPAM Act<\/strong><\/div>\n<div class=\"innerText\" style=\"text-align: justify;\">The CAN-SPAM Act is a law that sets the rules for commercial email, establishes requirements for commercial messages, gives recipients the right to have emails stopped from being sent to them, and spells out tough penalties for violations.<\/div>\n<div><\/div>\n<div><\/div>\n<div class=\"innerText\" style=\"text-align: justify;\"><strong>If at any time you would like to unsubscribe from receiving future emails, you can email us at \u00a0<\/strong>and we will promptly remove you from\u00a0<strong>ALL<\/strong>\u00a0correspondence.<\/div>\n<div><\/div>\n<div><\/div>\n<div class=\"innerText\" style=\"text-align: justify;\"><strong style=\"font-size: 1rem;\">Contacting Us<\/strong><\/div>\n<div class=\"innerText\" style=\"text-align: justify;\">\n<p>If there are any questions regarding this privacy policy, you may contact us using the information below.<\/p>\n<\/div>\n<div class=\"innerText\" style=\"text-align: justify;\">Saint Paul Angouleme<\/div>\n<div class=\"innerText\" style=\"text-align: justify;\">philippe.garcia [at] saint-paul-angouleme.fr<\/div>\n","protected":false},"excerpt":{"rendered":"<p>Saint Paul Angouleme Politique de Confidentialit\u00e9 This privacy policy has been compiled to better serve those who are concerned with how their &#8216;Personally Identifiable Information&#8217; (PII) is being used online. PII, as described in US privacy law and information security, is information that can be used on its own or with other information to identify, &#8230; <a title=\"Politique de Confidentialit\u00e9\" class=\"read-more\" href=\"https:\/\/www.saint-paul-angouleme.fr\/application\/politique-de-confidentialite\/\" aria-label=\"Read more about Politique de Confidentialit\u00e9\">Lire la suite<\/a><\/p>\n","protected":false},"author":1,"featured_media":0,"parent":0,"menu_order":0,"comment_status":"closed","ping_status":"closed","template":"","meta":{"_exactmetrics_skip_tracking":false,"_exactmetrics_sitenote_active":false,"_exactmetrics_sitenote_note":"","_exactmetrics_sitenote_category":0,"footnotes":""},"class_list":["post-3098","page","type-page","status-publish"],"yoast_head":"<!-- This site is optimized with the Yoast SEO plugin v23.3 - https:\/\/yoast.com\/wordpress\/plugins\/seo\/ -->\n<title>Politique de Confidentialit\u00e9 - Actualit\u00e9s<\/title>\n<meta name=\"robots\" content=\"index, follow, max-snippet:-1, max-image-preview:large, max-video-preview:-1\" \/>\n<link rel=\"canonical\" href=\"https:\/\/www.saint-paul-angouleme.fr\/application\/politique-de-confidentialite\/\" \/>\n<meta property=\"og:locale\" content=\"fr_FR\" \/>\n<meta property=\"og:type\" content=\"article\" \/>\n<meta property=\"og:title\" content=\"Politique de Confidentialit\u00e9 - Actualit\u00e9s\" \/>\n<meta property=\"og:description\" content=\"Saint Paul Angouleme Politique de Confidentialit\u00e9 This privacy policy has been compiled to better serve those who are concerned with how their &#8216;Personally Identifiable Information&#8217; (PII) is being used online. PII, as described in US privacy law and information security, is information that can be used on its own or with other information to identify, ... Lire la suite\" \/>\n<meta property=\"og:url\" content=\"https:\/\/www.saint-paul-angouleme.fr\/application\/politique-de-confidentialite\/\" \/>\n<meta property=\"og:site_name\" content=\"Actualit\u00e9s\" \/>\n<meta property=\"article:publisher\" content=\"https:\/\/www.facebook.com\/SaintPaulAngouleme16\/\" \/>\n<meta name=\"twitter:card\" content=\"summary_large_image\" \/>\n<meta name=\"twitter:site\" content=\"@StPaulAngoulem\" \/>\n<meta name=\"twitter:label1\" content=\"Dur\u00e9e de lecture estim\u00e9e\" \/>\n\t<meta name=\"twitter:data1\" content=\"6 minutes\" \/>\n<script type=\"application\/ld+json\" class=\"yoast-schema-graph\">{\"@context\":\"https:\/\/schema.org\",\"@graph\":[{\"@type\":\"WebPage\",\"@id\":\"https:\/\/www.saint-paul-angouleme.fr\/application\/politique-de-confidentialite\/\",\"url\":\"https:\/\/www.saint-paul-angouleme.fr\/application\/politique-de-confidentialite\/\",\"name\":\"Politique de Confidentialit\u00e9 - Actualit\u00e9s\",\"isPartOf\":{\"@id\":\"https:\/\/www.saint-paul-angouleme.fr\/application\/#website\"},\"datePublished\":\"2018-05-29T06:57:52+00:00\",\"dateModified\":\"2018-05-29T06:57:52+00:00\",\"breadcrumb\":{\"@id\":\"https:\/\/www.saint-paul-angouleme.fr\/application\/politique-de-confidentialite\/#breadcrumb\"},\"inLanguage\":\"fr-FR\",\"potentialAction\":[{\"@type\":\"ReadAction\",\"target\":[\"https:\/\/www.saint-paul-angouleme.fr\/application\/politique-de-confidentialite\/\"]}]},{\"@type\":\"BreadcrumbList\",\"@id\":\"https:\/\/www.saint-paul-angouleme.fr\/application\/politique-de-confidentialite\/#breadcrumb\",\"itemListElement\":[{\"@type\":\"ListItem\",\"position\":1,\"name\":\"Accueil\",\"item\":\"http:\/\/www.saint-paul-angouleme.fr\/application\/\"},{\"@type\":\"ListItem\",\"position\":2,\"name\":\"Politique de Confidentialit\u00e9\"}]},{\"@type\":\"WebSite\",\"@id\":\"https:\/\/www.saint-paul-angouleme.fr\/application\/#website\",\"url\":\"https:\/\/www.saint-paul-angouleme.fr\/application\/\",\"name\":\"Actualit\u00e9s\",\"description\":\"Actualit\u00e9s Saint Paul\",\"publisher\":{\"@id\":\"https:\/\/www.saint-paul-angouleme.fr\/application\/#organization\"},\"potentialAction\":[{\"@type\":\"SearchAction\",\"target\":{\"@type\":\"EntryPoint\",\"urlTemplate\":\"https:\/\/www.saint-paul-angouleme.fr\/application\/?s={search_term_string}\"},\"query-input\":\"required name=search_term_string\"}],\"inLanguage\":\"fr-FR\"},{\"@type\":\"Organization\",\"@id\":\"https:\/\/www.saint-paul-angouleme.fr\/application\/#organization\",\"name\":\"Ensemble scolaire Saint-Paul\",\"url\":\"https:\/\/www.saint-paul-angouleme.fr\/application\/\",\"logo\":{\"@type\":\"ImageObject\",\"inLanguage\":\"fr-FR\",\"@id\":\"https:\/\/www.saint-paul-angouleme.fr\/application\/#\/schema\/logo\/image\/\",\"url\":\"https:\/\/www.saint-paul-angouleme.fr\/application\/wp-content\/uploads\/2018\/08\/logo-saint-paul-couleurs.jpg\",\"contentUrl\":\"https:\/\/www.saint-paul-angouleme.fr\/application\/wp-content\/uploads\/2018\/08\/logo-saint-paul-couleurs.jpg\",\"width\":1890,\"height\":709,\"caption\":\"Ensemble scolaire Saint-Paul\"},\"image\":{\"@id\":\"https:\/\/www.saint-paul-angouleme.fr\/application\/#\/schema\/logo\/image\/\"},\"sameAs\":[\"https:\/\/www.facebook.com\/SaintPaulAngouleme16\/\",\"https:\/\/x.com\/StPaulAngoulem\",\"https:\/\/www.youtube.com\/channel\/UCRLpz1CmPVqc0gn--YyXvjA?view_as=subscriber\"]}]}<\/script>\n<!-- \/ Yoast SEO plugin. -->","yoast_head_json":{"title":"Politique de Confidentialit\u00e9 - Actualit\u00e9s","robots":{"index":"index","follow":"follow","max-snippet":"max-snippet:-1","max-image-preview":"max-image-preview:large","max-video-preview":"max-video-preview:-1"},"canonical":"https:\/\/www.saint-paul-angouleme.fr\/application\/politique-de-confidentialite\/","og_locale":"fr_FR","og_type":"article","og_title":"Politique de Confidentialit\u00e9 - Actualit\u00e9s","og_description":"Saint Paul Angouleme Politique de Confidentialit\u00e9 This privacy policy has been compiled to better serve those who are concerned with how their &#8216;Personally Identifiable Information&#8217; (PII) is being used online. PII, as described in US privacy law and information security, is information that can be used on its own or with other information to identify, ... Lire la suite","og_url":"https:\/\/www.saint-paul-angouleme.fr\/application\/politique-de-confidentialite\/","og_site_name":"Actualit\u00e9s","article_publisher":"https:\/\/www.facebook.com\/SaintPaulAngouleme16\/","twitter_card":"summary_large_image","twitter_site":"@StPaulAngoulem","twitter_misc":{"Dur\u00e9e de lecture estim\u00e9e":"6 minutes"},"schema":{"@context":"https:\/\/schema.org","@graph":[{"@type":"WebPage","@id":"https:\/\/www.saint-paul-angouleme.fr\/application\/politique-de-confidentialite\/","url":"https:\/\/www.saint-paul-angouleme.fr\/application\/politique-de-confidentialite\/","name":"Politique de Confidentialit\u00e9 - Actualit\u00e9s","isPartOf":{"@id":"https:\/\/www.saint-paul-angouleme.fr\/application\/#website"},"datePublished":"2018-05-29T06:57:52+00:00","dateModified":"2018-05-29T06:57:52+00:00","breadcrumb":{"@id":"https:\/\/www.saint-paul-angouleme.fr\/application\/politique-de-confidentialite\/#breadcrumb"},"inLanguage":"fr-FR","potentialAction":[{"@type":"ReadAction","target":["https:\/\/www.saint-paul-angouleme.fr\/application\/politique-de-confidentialite\/"]}]},{"@type":"BreadcrumbList","@id":"https:\/\/www.saint-paul-angouleme.fr\/application\/politique-de-confidentialite\/#breadcrumb","itemListElement":[{"@type":"ListItem","position":1,"name":"Accueil","item":"http:\/\/www.saint-paul-angouleme.fr\/application\/"},{"@type":"ListItem","position":2,"name":"Politique de Confidentialit\u00e9"}]},{"@type":"WebSite","@id":"https:\/\/www.saint-paul-angouleme.fr\/application\/#website","url":"https:\/\/www.saint-paul-angouleme.fr\/application\/","name":"Actualit\u00e9s","description":"Actualit\u00e9s Saint Paul","publisher":{"@id":"https:\/\/www.saint-paul-angouleme.fr\/application\/#organization"},"potentialAction":[{"@type":"SearchAction","target":{"@type":"EntryPoint","urlTemplate":"https:\/\/www.saint-paul-angouleme.fr\/application\/?s={search_term_string}"},"query-input":"required name=search_term_string"}],"inLanguage":"fr-FR"},{"@type":"Organization","@id":"https:\/\/www.saint-paul-angouleme.fr\/application\/#organization","name":"Ensemble scolaire Saint-Paul","url":"https:\/\/www.saint-paul-angouleme.fr\/application\/","logo":{"@type":"ImageObject","inLanguage":"fr-FR","@id":"https:\/\/www.saint-paul-angouleme.fr\/application\/#\/schema\/logo\/image\/","url":"https:\/\/www.saint-paul-angouleme.fr\/application\/wp-content\/uploads\/2018\/08\/logo-saint-paul-couleurs.jpg","contentUrl":"https:\/\/www.saint-paul-angouleme.fr\/application\/wp-content\/uploads\/2018\/08\/logo-saint-paul-couleurs.jpg","width":1890,"height":709,"caption":"Ensemble scolaire Saint-Paul"},"image":{"@id":"https:\/\/www.saint-paul-angouleme.fr\/application\/#\/schema\/logo\/image\/"},"sameAs":["https:\/\/www.facebook.com\/SaintPaulAngouleme16\/","https:\/\/x.com\/StPaulAngoulem","https:\/\/www.youtube.com\/channel\/UCRLpz1CmPVqc0gn--YyXvjA?view_as=subscriber"]}]}},"_links":{"self":[{"href":"https:\/\/www.saint-paul-angouleme.fr\/application\/wp-json\/wp\/v2\/pages\/3098"}],"collection":[{"href":"https:\/\/www.saint-paul-angouleme.fr\/application\/wp-json\/wp\/v2\/pages"}],"about":[{"href":"https:\/\/www.saint-paul-angouleme.fr\/application\/wp-json\/wp\/v2\/types\/page"}],"author":[{"embeddable":true,"href":"https:\/\/www.saint-paul-angouleme.fr\/application\/wp-json\/wp\/v2\/users\/1"}],"replies":[{"embeddable":true,"href":"https:\/\/www.saint-paul-angouleme.fr\/application\/wp-json\/wp\/v2\/comments?post=3098"}],"version-history":[{"count":1,"href":"https:\/\/www.saint-paul-angouleme.fr\/application\/wp-json\/wp\/v2\/pages\/3098\/revisions"}],"predecessor-version":[{"id":3099,"href":"https:\/\/www.saint-paul-angouleme.fr\/application\/wp-json\/wp\/v2\/pages\/3098\/revisions\/3099"}],"wp:attachment":[{"href":"https:\/\/www.saint-paul-angouleme.fr\/application\/wp-json\/wp\/v2\/media?parent=3098"}],"curies":[{"name":"wp","href":"https:\/\/api.w.org\/{rel}","templated":true}]}}